{"id":3485,"date":"2012-05-23T19:56:48","date_gmt":"2012-05-23T19:56:48","guid":{"rendered":"http:\/\/new.http:\/\/instantsocialsignals.com\/wp\/?page_id=3485"},"modified":"2019-06-11T19:35:40","modified_gmt":"2019-06-11T19:35:40","slug":"om-estrategi","status":"publish","type":"page","link":"https:\/\/instantsocialsignals.com\/wp\/om-estrategi","title":{"rendered":"Om Estrategi"},"content":{"rendered":"<h3>Hvem og hva er &#8220;Estrategi&#8221;?<\/h3>\n<p>Dette er et nettsted som fokuserer p\u00e5 \u00e5 hjelpe deg som driver med salg og markedsf\u00f8ring p\u00e5 nett i en eller annen sammenheng. \u00d8nsket er at du kan hente tips, id\u00e9er, inspirasjon og hjelp til bedre \u00e5 lykkes selv. Samt et nettsted der du kan bidra, og f\u00e5 igjen i form av kontakter, lesere og forh\u00e5pentligvis kunder.<\/p>\n<p>PS: Sjekk ut Podcasten &#8220;Markedskanalen&#8221;. Du kan se episoder p\u00e5 YouTube p\u00e5 kanalen &#8220;<a href=\"https:\/\/www.youtube.com\/channel\/UCAPOaG2R4dJYyUzQEjhJ9ZA\">Markedskanalen<\/a>&#8221; og p\u00e5 Facebook p\u00e5 siden &#8220;<a href=\"https:\/\/www.facebook.com\/markedskanal1\">Markedskanalen<\/a>&#8221;<\/p>\n<p>Nettstedet tilh\u00f8rer <a href=\"http:\/\/preben-sangvik\" data-wplink-url-error=\"true\">Preben Sangvik<\/a>, som ogs\u00e5 driver profesjonelt med <a href=\"https:\/\/responspartner.no\">markedsf\u00f8ring og salg med internett<\/a> som hovedkanal gjennom Responspartner AS og hjelper bedrifer med \u00e5 <a href=\"https:\/\/www.easyedit.no\">lage selgende hjemmeside med EasyEdit<\/a><\/p>\n<h3>Estrategi er en av pionerene innen salg og markedsf\u00f8ring p\u00e5 nett i Norge!<\/h3>\n<p><strong>Pion\u00e9r betyr at man er sv\u00e6rt tidlig ute, og vi startet f\u00f8r folk flest brukte internett.<\/strong> De f\u00f8rste artiklene ble publisert i 1999, og allerede den gangen var vi opptatt av hvordan internett kunne tjene som en god markeds- og salgskanal.<\/p>\n<p>Vi var tidlig ute med \u00e5 advare mot de &#8220;kule&#8221; flash-introene, og <strong>anbefalte \u00e5 holde fokus p\u00e5 god salgstekst og god salgsflyt.<\/strong>\u00a0(Noe som var bortprioritert og tilsynelatende ikke s\u00e5 viktig i hyperspace&#8230;) &#8211; Og det er fremdeles den beste m\u00e5ten \u00e5 selge p\u00e5 nett p\u00e5.<\/p>\n<p>Tidligere var hovedfokuset p\u00e5 <em>nybegynnere<\/em> og <em>gr\u00fcndere<\/em>, og den gangen inkluderte det alle. Internett var nytt. &#8211; I 1999 var alle nybegynnere, &#8211; ogs\u00e5 Komplett.no, Elkjop.no og andre som i dag er store.<\/p>\n<p>N\u00e5 er det betydelig annerledes; en del av oss er som &#8220;veteraner&#8221; \u00e5 regne. Men de samme psykologiske prinsippene gjelder fremdeles. Internett utvikles, og fenomener som blogging, Facebook, Twitter, Instagram etc har kommet. Og flere kommer garantert.<\/p>\n<p>Estrategi hjelper fremdeles b\u00e5de &#8220;ung og gammel&#8221; i dette faget, og vi holder oss selv oppdatert l\u00f8pende.<\/p>\n<h3>Hjelp til bedre bruk av Estrategi.no<\/h3>\n<p>Du kan f\u00e5 en del hjelp p\u00e5 estrategi.no. B\u00e5de til bedre markedsf\u00f8ring, bedre salgsbudskap og bedre salgsprosess. Resultatet er at du kan f\u00e5 bedre salg og mer inntekt. D\u00e9t er v\u00e5rt m\u00e5l.<\/p>\n<p>Estrategi tilbyr deg:<\/p>\n<ul>\n<li>Inspirasjon og gode l\u00f8sninger til mer effektiv markedsf\u00f8ring<\/li>\n<li>Hjelp til bedre salgsprosess<\/li>\n<li>Gode innspill<\/li>\n<\/ul>\n<h4>Slik kan Estrategi hjelpe deg:<\/h4>\n<p><strong>Artikler om aktuelle tema<\/strong><\/p>\n<p>Nye artikler legges ut fortl\u00f8pende, og skribentene er b\u00e5de &#8220;legfolk&#8221; og fagfolk med doktorgrad. Mange av artiklene er praktisk rettet, slik at du kan f\u00e5 hjelp i praktiske faser med markedsf\u00f8ring og salg p\u00e5 nett.<\/p>\n<p><strong>Blogg om salg og markedsf\u00f8ring p\u00e5 nett<\/strong><\/p>\n<p>Det er stadig endringer, ny informasjon og nye tips til hvordan man kan bli bedre innen salg og markedsf\u00f8ring p\u00e5 nett. Derfor blogger vi om dette p\u00e5 Estrategi.<\/p>\n<p>Noen ganger kan det v\u00e6re sm\u00e5 forskjeller p\u00e5 et blogginnlegg og en artikkel, men det er meningen at en artikkel er en &#8220;evergreen&#8221; &#8211; mens blogginnlegg er mer &#8220;her og n\u00e5&#8221;.<\/p>\n<p>Bloggen er til for \u00e5 holde seg mer oppdatert, eller dele tanker og id\u00e9er.<\/p>\n<p><strong>Forum der du kan stille sp\u00f8rsm\u00e5l og svare<\/strong><\/p>\n<p>Du kan stille n\u00e6r sagt alle typer sp\u00f8rsm\u00e5l i forumet, og i de fleste tilfeller f\u00e5 gode svar fra andre &#8220;estrategister&#8221;. \ud83d\ude42<\/p>\n<p>M\u00e5let er at du kan f\u00e5 hjelp, &#8211; og gi hjelp, slik at vi alle f\u00e5r en bedre hverdag, markedsf\u00f8ring og salg.<\/p>\n<p><strong>Egen profil og kontaktnettverk<\/strong><\/p>\n<p>Du kan utnytte din profil her p\u00e5 Estrategi. B\u00e5de f\u00e5 oppmerksomhet, kunder og linker.<\/p>\n<p>Du er fri til \u00e5 markedsf\u00f8re deg selv og dine produkter og tjenester p\u00e5 din profil. Hv\u00e9r gang du poster i forumet, skriver en &#8220;status&#8221;, skriver et blogginnlegg eller en artikkel &#8211; vil det linkes til din profil.<\/p>\n<p>Med andre ord: Jo mer aktiv du er p\u00e5 Estrategi, jo flere linker f\u00e5r du til din profil &#8211; og jo mer effekt f\u00e5r linkene du har der til din(e) hjemmeside(r).<\/p>\n<p>Du kan ogs\u00e5 bygge et kontaktnettverk her, der du ber om \u00e5 bli kontakt med en person p\u00e5 lik linje som p\u00e5 Facebook.<\/p>\n<div><\/div>\n<div><\/div>\n<div>\n<div><strong>Kjapp historikk\u00a0<\/strong><\/div>\n<div>http:\/\/instantsocialsignals.com\/wp ble startet opp av Reimar Vetne og Mads Olsen i 1999. Siden den gang har http:\/\/instantsocialsignals.com\/wp st\u00e5tt til tjeneste, motivasjon og l\u00e6rdom for mange tusen mennesker i Norge og Skandinavia. H\u00f8sten 2006 overtok jeg (<a href=\"http:\/\/preben-sangvik\" data-wplink-url-error=\"true\">Preben Olsen Sangvik<\/a>) eierskap og driftsansvaret, og samtidig begynte planleggingen av videref\u00f8ringen. V\u00e5ren 2007 ble http:\/\/instantsocialsignals.com\/wp lansert i versjon 2. H\u00f8sten 2008 ble versjon 2.1 lansert, og mars 2009 ble Estrategi versjon 3 lansert med forum, grupper, blogger, PM og mer til.<\/div>\n<div><\/div>\n<div>Tidlig i 2010 valgte jeg \u00e5 endre fokus i\u00a0 st\u00f8rre grad over p\u00e5 prosjektene og kundene vi har i Responspartner AS, og det ble et &#8220;v\u00e6re eller ikke v\u00e6re&#8221; for Estrategi. Estrategi ble nesten lagt d\u00f8dt, med noen f\u00e5 oppdateringer en sjelden gang.<\/p>\n<\/div>\n<div>I 2019 bestemte jeg meg for \u00e5 samkj\u00f8re den nystartede podcasten &#8220;Markedskanalen&#8221; med http:\/\/instantsocialsignals.com\/wp og har til hensikt \u00e5 gi deg levende og inspirerende podcast-episoder som kan hjelpe deg \u00e5 lykkes bedre med ditt firma.<\/p>\n<\/div>\n<\/div>\n<div>\n<div><\/div>\n<div><strong>Ansvar og kontaktperson<\/strong><\/div>\n<div>Ansvarlig: Preben Olsen Sangvik (Mob 90192708 )<\/div>\n<div><\/div>\n<div>Er det skrevet noe p\u00e5 Estrategi.no, enten i artikler eller blogger som du \u00f8nsker se fjernet? &#8211; I s\u00e5 tilfelle ber vi deg ta kontakt med meg.<\/div>\n<div><\/div>\n<div>http:\/\/instantsocialsignals.com\/wp best\u00e5r i h\u00f8y grad av brukergenerert innhold og mesteparten publiseres uten forsjekk. Derimot leser vi gjennom det vi rekker og fjerner\/ endrer p\u00e5 det vi oppdager som er p\u00e5 kanten av\/ eller i direkte konflikt med god etikk og vurderingsevne.<\/div>\n<div><\/div>\n<div><strong>Relasjon:\u00a0<\/strong><\/div>\n<div>Preben Olsen Sangvik er aktiv eier i Webfirmaet AS som driver med\u00a0<a href=\"https:\/\/responspartner.no\/\">markedsf\u00f8ring p\u00e5 internett<\/a>,<a href=\"http:\/\/xn--skemotoroptimalisering-5ic.no\/\">synlighet i Google<\/a>, strategi og hjelp for n\u00e6ringsdrivende. Har du behov for hjelp til strategi for best mulig internett markedsf\u00f8ring s\u00e5 ta kontakt.<\/div>\n<\/div>\n<p><!--more--><\/p>\n","protected":false},"excerpt":{"rendered":"<p>Hvem og hva er &#8220;Estrategi&#8221;? Dette er et nettsted som fokuserer p\u00e5 \u00e5 hjelpe deg som driver med salg og markedsf\u00f8ring p\u00e5 nett i en eller annen sammenheng. \u00d8nsket er at du kan hente tips, id\u00e9er, inspirasjon og hjelp til bedre \u00e5 lykkes selv. Samt et nettsted der du kan bidra, og f\u00e5 igjen i [&hellip;]<\/p>\n","protected":false},"author":1,"featured_media":0,"parent":0,"menu_order":0,"comment_status":"open","ping_status":"closed","template":"","meta":[],"_links":{"self":[{"href":"https:\/\/instantsocialsignals.com\/wp\/wp-json\/wp\/v2\/pages\/3485"}],"collection":[{"href":"https:\/\/instantsocialsignals.com\/wp\/wp-json\/wp\/v2\/pages"}],"about":[{"href":"https:\/\/instantsocialsignals.com\/wp\/wp-json\/wp\/v2\/types\/page"}],"author":[{"embeddable":true,"href":"https:\/\/instantsocialsignals.com\/wp\/wp-json\/wp\/v2\/users\/1"}],"replies":[{"embeddable":true,"href":"https:\/\/instantsocialsignals.com\/wp\/wp-json\/wp\/v2\/comments?post=3485"}],"version-history":[{"count":5,"href":"https:\/\/instantsocialsignals.com\/wp\/wp-json\/wp\/v2\/pages\/3485\/revisions"}],"predecessor-version":[{"id":5631,"href":"https:\/\/instantsocialsignals.com\/wp\/wp-json\/wp\/v2\/pages\/3485\/revisions\/5631"}],"wp:attachment":[{"href":"https:\/\/instantsocialsignals.com\/wp\/wp-json\/wp\/v2\/media?parent=3485"}],"curies":[{"name":"wp","href":"https:\/\/api.w.org\/{rel}","templated":true}]}}